{"id":7397,"date":"2025-10-29T00:52:39","date_gmt":"2025-10-28T23:52:39","guid":{"rendered":"https:\/\/nexatower.com\/?post_type=product&#038;p=7397"},"modified":"2025-10-30T06:11:04","modified_gmt":"2025-10-30T05:11:04","slug":"optimizacion-y-actualizacion-de-apps-actualizaciones-multiples","status":"publish","type":"product","link":"https:\/\/nexatower.com\/en\/product\/optimizacion-y-actualizacion-de-apps-actualizaciones-multiples\/","title":{"rendered":"Optimizaci\u00f3n y actualizaci\u00f3n de apps &#8211; Actualizaciones m\u00faltiples"},"content":{"rendered":"","protected":false},"excerpt":{"rendered":"","protected":false},"featured_media":7415,"template":"","meta":[],"product_brand":[],"product_cat":[58],"product_tag":[],"class_list":{"0":"post-7397","1":"product","2":"type-product","3":"status-publish","4":"has-post-thumbnail","6":"product_cat-planes","7":"tm-no-options","9":"first","10":"instock","11":"taxable","12":"shipping-taxable","13":"purchasable","14":"product-type-simple"},"_links":{"self":[{"href":"https:\/\/nexatower.com\/en\/wp-json\/wp\/v2\/product\/7397","targetHints":{"allow":["GET"]}}],"collection":[{"href":"https:\/\/nexatower.com\/en\/wp-json\/wp\/v2\/product"}],"about":[{"href":"https:\/\/nexatower.com\/en\/wp-json\/wp\/v2\/types\/product"}],"wp:featuredmedia":[{"embeddable":true,"href":"https:\/\/nexatower.com\/en\/wp-json\/wp\/v2\/media\/7415"}],"wp:attachment":[{"href":"https:\/\/nexatower.com\/en\/wp-json\/wp\/v2\/media?parent=7397"}],"wp:term":[{"taxonomy":"product_brand","embeddable":true,"href":"https:\/\/nexatower.com\/en\/wp-json\/wp\/v2\/product_brand?post=7397"},{"taxonomy":"product_cat","embeddable":true,"href":"https:\/\/nexatower.com\/en\/wp-json\/wp\/v2\/product_cat?post=7397"},{"taxonomy":"product_tag","embeddable":true,"href":"https:\/\/nexatower.com\/en\/wp-json\/wp\/v2\/product_tag?post=7397"}],"curies":[{"name":"wp","href":"https:\/\/api.w.org\/{rel}","templated":true}]}}