{"id":7398,"date":"2025-10-29T01:01:36","date_gmt":"2025-10-29T00:01:36","guid":{"rendered":"https:\/\/nexatower.com\/?post_type=product&#038;p=7398"},"modified":"2025-10-30T06:10:41","modified_gmt":"2025-10-30T05:10:41","slug":"optimizacion-y-actualizacion-de-apps-optimizacion-integral","status":"publish","type":"product","link":"https:\/\/nexatower.com\/en\/product\/optimizacion-y-actualizacion-de-apps-optimizacion-integral\/","title":{"rendered":"Optimizaci\u00f3n y actualizaci\u00f3n de apps &#8211; Optimizaci\u00f3n integral"},"content":{"rendered":"","protected":false},"excerpt":{"rendered":"","protected":false},"featured_media":7415,"template":"","meta":[],"product_brand":[],"product_cat":[58],"product_tag":[],"class_list":{"0":"post-7398","1":"product","2":"type-product","3":"status-publish","4":"has-post-thumbnail","6":"product_cat-planes","7":"tm-no-options","9":"first","10":"instock","11":"taxable","12":"shipping-taxable","13":"purchasable","14":"product-type-simple"},"_links":{"self":[{"href":"https:\/\/nexatower.com\/en\/wp-json\/wp\/v2\/product\/7398","targetHints":{"allow":["GET"]}}],"collection":[{"href":"https:\/\/nexatower.com\/en\/wp-json\/wp\/v2\/product"}],"about":[{"href":"https:\/\/nexatower.com\/en\/wp-json\/wp\/v2\/types\/product"}],"wp:featuredmedia":[{"embeddable":true,"href":"https:\/\/nexatower.com\/en\/wp-json\/wp\/v2\/media\/7415"}],"wp:attachment":[{"href":"https:\/\/nexatower.com\/en\/wp-json\/wp\/v2\/media?parent=7398"}],"wp:term":[{"taxonomy":"product_brand","embeddable":true,"href":"https:\/\/nexatower.com\/en\/wp-json\/wp\/v2\/product_brand?post=7398"},{"taxonomy":"product_cat","embeddable":true,"href":"https:\/\/nexatower.com\/en\/wp-json\/wp\/v2\/product_cat?post=7398"},{"taxonomy":"product_tag","embeddable":true,"href":"https:\/\/nexatower.com\/en\/wp-json\/wp\/v2\/product_tag?post=7398"}],"curies":[{"name":"wp","href":"https:\/\/api.w.org\/{rel}","templated":true}]}}